{"id":614,"date":"2015-11-18T19:00:58","date_gmt":"2015-11-18T18:00:58","guid":{"rendered":"http:\/\/www.gymnasium-saarburg.de\/?page_id=614"},"modified":"2026-01-11T21:14:32","modified_gmt":"2026-01-11T20:14:32","slug":"informationen-zur-anmeldung","status":"publish","type":"page","link":"https:\/\/www.gymnasium-saarburg.de\/hp\/informationen-zur-anmeldung\/","title":{"rendered":"Informationen zur Anmeldung"},"content":{"rendered":"<p><!--\n\n<h5 style=\"color:red;\">Anmeldungen zum Schuljahr 2026\/27 sind aktuell noch nicht m\u00f6glich.<\/h5>\n\n\n\n\n<p class=\"silbentrennung\">An dieser Stelle k\u00f6nnen Sie sich aber bereits jetzt \u00fcber das Anmeldeverfahren informieren.<\/p>\n\n--><\/p>\n<h4>Die Anmeldung<\/h4>\n<p class=\"silbentrennung\">Bevor Sie den Online-Anmeldebogen unter <a href=\"http:\/\/anmeldung.gymsab.de\" target=\"_blank\" rel=\"noopener noreferrer\">http:\/\/anmeldung.gymsab.de<\/a> ausf\u00fcllen, sollten Sie sich im Vorfeld bereits mit dem Inhalt folgender Dokumente vertraut gemacht haben:<\/p>\n<ul class=\"silbentrennung\">\n<li><a href=\"https:\/\/www.gymnasium-saarburg.de\/hp\/wp-content\/uploads\/2021\/02\/Hinweise-zum-Ausfuellen-des-Anmeldeformulars.pdf\" target=\"_blank\" rel=\"noopener noreferrer\">Hinweise zum Ausf\u00fcllen des Anmeldebogens<\/a><\/li>\n<p><!--\n<span style=\"color: #ff0000;\"><strong><small>Hinweis<\/small><\/strong><\/span><small>: Aktuell treten Probleme mit diesem Anmeldeformular bei Benutzung einiger g\u00e4ngiger Browser auf. Dies betrifft insbesondere die PC-Versionen von Google Chrome, Microsoft Edge und Safari. Bitte benutzen Sie daher zur Anmeldung den Browser Mozilla Firefox, Opera oder auch die mobile Version von Google Chrome auf einem Tablet \/ iPad. Wir k\u00f6nnen dieses Problem w\u00e4hrend der aktuellen Anmeldephase leider nicht beheben und bitten um Entschuldigung f\u00fcr die Unannehmlichkeiten.<\/small>\n--><\/p>\n<li><a href=\"https:\/\/www.gymnasium-saarburg.de\/hp\/wp-content\/uploads\/2021\/01\/Infoblatt-Anmeldeoptionen.pdf\" target=\"_blank\" rel=\"noopener noreferrer\">Infoblatt mit allgemeinen Hinweisen zur Sprachenwahl, dem Ganztagsschulbetrieb usw.<\/a><\/li>\n<li><a href=\"https:\/\/www.gymnasium-saarburg.de\/hp\/wp-content\/uploads\/2021\/01\/Anmeldeformular_Unterschrift.pdf\" target=\"_blank\" rel=\"noopener noreferrer\">Anmeldeformular<\/a><\/li>\n<li><a href=\"https:\/\/www.gymnasium-saarburg.de\/hp\/wp-content\/uploads\/2020\/01\/Gymnasium-Saarburg-Informationsblatt-f\u00fcr-Eltern-zur-DSGVO.pdf\" target=\"_blank\" rel=\"noopener noreferrer\">Informationsblatt zur Datenschutzgrundverordnung<\/a><\/li>\n<li><a href=\"https:\/\/www.gymnasium-saarburg.de\/wp-content\/uploads\/2015\/11\/Nutzungsordnung-f\u00fcr-Informations-und-Kommunikationstechnik.pdf\" target=\"_blank\" rel=\"noopener noreferrer\">Nutzungsordnung f\u00fcr Informations- und Kommunikationstechnik<\/a><\/li>\n<li><a href=\"https:\/\/www.gymnasium-saarburg.de\/hp\/wp-content\/uploads\/2020\/01\/Nutzungsordnung-f\u00fcr-mobile-Endger\u00e4te.pdf\" target=\"_blank\" rel=\"noopener noreferrer\">Nutzungsordnung f\u00fcr mobile Endger\u00e4te<\/a><\/li>\n<\/ul>\n<p class=\"silbentrennung\"><strong>Dar\u00fcber hinaus ben\u00f6tigen wir zus\u00e4tzlich zum Anmeldeformular weitere Unterlagen, die im Briefkasten der Schule hinterlegt oder per Post eingesandt werden m\u00fcssen.<\/strong> Eine \u00dcbersicht bietet hier unsere <a href=\"https:\/\/www.gymnasium-saarburg.de\/hp\/wp-content\/uploads\/2023\/01\/Checkliste-zur-Anmeldung.pdf\" target=\"_blank\" rel=\"noopener\">Checkliste zur Anmeldung<\/a>, die auch Links zu den weiteren Dokumenten beinhaltet.<\/p>\n<p class=\"silbentrennung\">Eine Best\u00e4tigung der Anmeldung wird nach Abschluss der Anmeldephase Ende Februar per Mail verschickt.<\/p>\n<p class=\"silbentrennung\">Ab M\u00e4rz werden unter Ber\u00fccksichtigung der Sprachenwahl, der Religionszugeh\u00f6rigkeit sowie der Teilnahme am Ganztagsangebot die k\u00fcnftigen f\u00fcnften Klassen zusammengesetzt.<\/p>\n<p class=\"silbentrennung\"><strong>Hinweis: <\/strong>Das Anmeldeformular der Grundschule wird von uns abgestempelt und an die Grundschulen geschickt.<\/p>\n","protected":false},"excerpt":{"rendered":"<p>Die Anmeldung Bevor Sie den Online-Anmeldebogen unter http:\/\/anmeldung.gymsab.de ausf\u00fcllen, sollten Sie sich im Vorfeld bereits mit dem Inhalt folgender Dokumente vertraut gemacht haben: Hinweise zum Ausf\u00fcllen des Anmeldebogens Infoblatt mit allgemeinen Hinweisen zur Sprachenwahl, dem Ganztagsschulbetrieb usw. Anmeldeformular Informationsblatt zur Datenschutzgrundverordnung Nutzungsordnung f\u00fcr Informations- und Kommunikationstechnik Nutzungsordnung f\u00fcr mobile Endger\u00e4te Dar\u00fcber hinaus ben\u00f6tigen wir zus\u00e4tzlich zum Anmeldeformular weitere Unterlagen, die [&#8230;]<\/p>\n","protected":false},"author":8,"featured_media":0,"parent":0,"menu_order":0,"comment_status":"closed","ping_status":"closed","template":"","meta":{"footnotes":""},"coauthors":[253],"class_list":["post-614","page","type-page","status-publish","hentry"],"yoast_head":"<!-- This site is optimized with the Yoast SEO plugin v27.3 - https:\/\/yoast.com\/product\/yoast-seo-wordpress\/ -->\n<title>Informationen zur Anmeldung - Gymnasium Saarburg<\/title>\n<meta name=\"robots\" content=\"index, follow, max-snippet:-1, max-image-preview:large, max-video-preview:-1\" \/>\n<link rel=\"canonical\" href=\"https:\/\/www.gymnasium-saarburg.de\/hp\/informationen-zur-anmeldung\/\" \/>\n<meta property=\"og:locale\" content=\"de_DE\" \/>\n<meta property=\"og:type\" content=\"article\" \/>\n<meta property=\"og:title\" content=\"Informationen zur Anmeldung - Gymnasium Saarburg\" \/>\n<meta property=\"og:description\" content=\"Die Anmeldung Bevor Sie den Online-Anmeldebogen unter http:\/\/anmeldung.gymsab.de ausf\u00fcllen, sollten Sie sich im Vorfeld bereits mit dem Inhalt folgender Dokumente vertraut gemacht haben: Hinweise zum Ausf\u00fcllen des Anmeldebogens Infoblatt mit allgemeinen Hinweisen zur Sprachenwahl, dem Ganztagsschulbetrieb usw. Anmeldeformular Informationsblatt zur Datenschutzgrundverordnung Nutzungsordnung f\u00fcr Informations- und Kommunikationstechnik Nutzungsordnung f\u00fcr mobile Endger\u00e4te Dar\u00fcber hinaus ben\u00f6tigen wir zus\u00e4tzlich zum Anmeldeformular weitere Unterlagen, die [...]\" \/>\n<meta property=\"og:url\" content=\"https:\/\/www.gymnasium-saarburg.de\/hp\/informationen-zur-anmeldung\/\" \/>\n<meta property=\"og:site_name\" content=\"Gymnasium Saarburg\" \/>\n<meta property=\"article:modified_time\" content=\"2026-01-11T20:14:32+00:00\" \/>\n<meta name=\"twitter:card\" content=\"summary_large_image\" \/>\n<meta name=\"twitter:label1\" content=\"Gesch\u00e4tzte Lesezeit\" \/>\n\t<meta name=\"twitter:data1\" content=\"3\u00a0Minuten\" \/>\n\t<meta name=\"twitter:label2\" content=\"Written by\" \/>\n\t<meta name=\"twitter:data2\" content=\"Dr. Daniela Drumm\" \/>\n<script type=\"application\/ld+json\" class=\"yoast-schema-graph\">{\"@context\":\"https:\\\/\\\/schema.org\",\"@graph\":[{\"@type\":\"WebPage\",\"@id\":\"https:\\\/\\\/www.gymnasium-saarburg.de\\\/hp\\\/informationen-zur-anmeldung\\\/\",\"url\":\"https:\\\/\\\/www.gymnasium-saarburg.de\\\/hp\\\/informationen-zur-anmeldung\\\/\",\"name\":\"Informationen zur Anmeldung - Gymnasium Saarburg\",\"isPartOf\":{\"@id\":\"https:\\\/\\\/www.gymnasium-saarburg.de\\\/hp\\\/#website\"},\"datePublished\":\"2015-11-18T18:00:58+00:00\",\"dateModified\":\"2026-01-11T20:14:32+00:00\",\"breadcrumb\":{\"@id\":\"https:\\\/\\\/www.gymnasium-saarburg.de\\\/hp\\\/informationen-zur-anmeldung\\\/#breadcrumb\"},\"inLanguage\":\"de\",\"potentialAction\":[{\"@type\":\"ReadAction\",\"target\":[\"https:\\\/\\\/www.gymnasium-saarburg.de\\\/hp\\\/informationen-zur-anmeldung\\\/\"]}]},{\"@type\":\"BreadcrumbList\",\"@id\":\"https:\\\/\\\/www.gymnasium-saarburg.de\\\/hp\\\/informationen-zur-anmeldung\\\/#breadcrumb\",\"itemListElement\":[{\"@type\":\"ListItem\",\"position\":1,\"name\":\"Startseite\",\"item\":\"https:\\\/\\\/www.gymnasium-saarburg.de\\\/hp\\\/\"},{\"@type\":\"ListItem\",\"position\":2,\"name\":\"Informationen zur Anmeldung\"}]},{\"@type\":\"WebSite\",\"@id\":\"https:\\\/\\\/www.gymnasium-saarburg.de\\\/hp\\\/#website\",\"url\":\"https:\\\/\\\/www.gymnasium-saarburg.de\\\/hp\\\/\",\"name\":\"Gymnasium Saarburg\",\"description\":\"\",\"potentialAction\":[{\"@type\":\"SearchAction\",\"target\":{\"@type\":\"EntryPoint\",\"urlTemplate\":\"https:\\\/\\\/www.gymnasium-saarburg.de\\\/hp\\\/?s={search_term_string}\"},\"query-input\":{\"@type\":\"PropertyValueSpecification\",\"valueRequired\":true,\"valueName\":\"search_term_string\"}}],\"inLanguage\":\"de\"}]}<\/script>\n<!-- \/ Yoast SEO plugin. -->","yoast_head_json":{"title":"Informationen zur Anmeldung - Gymnasium Saarburg","robots":{"index":"index","follow":"follow","max-snippet":"max-snippet:-1","max-image-preview":"max-image-preview:large","max-video-preview":"max-video-preview:-1"},"canonical":"https:\/\/www.gymnasium-saarburg.de\/hp\/informationen-zur-anmeldung\/","og_locale":"de_DE","og_type":"article","og_title":"Informationen zur Anmeldung - Gymnasium Saarburg","og_description":"Die Anmeldung Bevor Sie den Online-Anmeldebogen unter http:\/\/anmeldung.gymsab.de ausf\u00fcllen, sollten Sie sich im Vorfeld bereits mit dem Inhalt folgender Dokumente vertraut gemacht haben: Hinweise zum Ausf\u00fcllen des Anmeldebogens Infoblatt mit allgemeinen Hinweisen zur Sprachenwahl, dem Ganztagsschulbetrieb usw. Anmeldeformular Informationsblatt zur Datenschutzgrundverordnung Nutzungsordnung f\u00fcr Informations- und Kommunikationstechnik Nutzungsordnung f\u00fcr mobile Endger\u00e4te Dar\u00fcber hinaus ben\u00f6tigen wir zus\u00e4tzlich zum Anmeldeformular weitere Unterlagen, die [...]","og_url":"https:\/\/www.gymnasium-saarburg.de\/hp\/informationen-zur-anmeldung\/","og_site_name":"Gymnasium Saarburg","article_modified_time":"2026-01-11T20:14:32+00:00","twitter_card":"summary_large_image","twitter_misc":{"Gesch\u00e4tzte Lesezeit":"3\u00a0Minuten","Written by":"Dr. Daniela Drumm"},"schema":{"@context":"https:\/\/schema.org","@graph":[{"@type":"WebPage","@id":"https:\/\/www.gymnasium-saarburg.de\/hp\/informationen-zur-anmeldung\/","url":"https:\/\/www.gymnasium-saarburg.de\/hp\/informationen-zur-anmeldung\/","name":"Informationen zur Anmeldung - Gymnasium Saarburg","isPartOf":{"@id":"https:\/\/www.gymnasium-saarburg.de\/hp\/#website"},"datePublished":"2015-11-18T18:00:58+00:00","dateModified":"2026-01-11T20:14:32+00:00","breadcrumb":{"@id":"https:\/\/www.gymnasium-saarburg.de\/hp\/informationen-zur-anmeldung\/#breadcrumb"},"inLanguage":"de","potentialAction":[{"@type":"ReadAction","target":["https:\/\/www.gymnasium-saarburg.de\/hp\/informationen-zur-anmeldung\/"]}]},{"@type":"BreadcrumbList","@id":"https:\/\/www.gymnasium-saarburg.de\/hp\/informationen-zur-anmeldung\/#breadcrumb","itemListElement":[{"@type":"ListItem","position":1,"name":"Startseite","item":"https:\/\/www.gymnasium-saarburg.de\/hp\/"},{"@type":"ListItem","position":2,"name":"Informationen zur Anmeldung"}]},{"@type":"WebSite","@id":"https:\/\/www.gymnasium-saarburg.de\/hp\/#website","url":"https:\/\/www.gymnasium-saarburg.de\/hp\/","name":"Gymnasium Saarburg","description":"","potentialAction":[{"@type":"SearchAction","target":{"@type":"EntryPoint","urlTemplate":"https:\/\/www.gymnasium-saarburg.de\/hp\/?s={search_term_string}"},"query-input":{"@type":"PropertyValueSpecification","valueRequired":true,"valueName":"search_term_string"}}],"inLanguage":"de"}]}},"_links":{"self":[{"href":"https:\/\/www.gymnasium-saarburg.de\/hp\/wp-json\/wp\/v2\/pages\/614","targetHints":{"allow":["GET"]}}],"collection":[{"href":"https:\/\/www.gymnasium-saarburg.de\/hp\/wp-json\/wp\/v2\/pages"}],"about":[{"href":"https:\/\/www.gymnasium-saarburg.de\/hp\/wp-json\/wp\/v2\/types\/page"}],"author":[{"embeddable":true,"href":"https:\/\/www.gymnasium-saarburg.de\/hp\/wp-json\/wp\/v2\/users\/8"}],"replies":[{"embeddable":true,"href":"https:\/\/www.gymnasium-saarburg.de\/hp\/wp-json\/wp\/v2\/comments?post=614"}],"version-history":[{"count":45,"href":"https:\/\/www.gymnasium-saarburg.de\/hp\/wp-json\/wp\/v2\/pages\/614\/revisions"}],"predecessor-version":[{"id":11050,"href":"https:\/\/www.gymnasium-saarburg.de\/hp\/wp-json\/wp\/v2\/pages\/614\/revisions\/11050"}],"wp:attachment":[{"href":"https:\/\/www.gymnasium-saarburg.de\/hp\/wp-json\/wp\/v2\/media?parent=614"}],"wp:term":[{"taxonomy":"author","embeddable":true,"href":"https:\/\/www.gymnasium-saarburg.de\/hp\/wp-json\/wp\/v2\/coauthors?post=614"}],"curies":[{"name":"wp","href":"https:\/\/api.w.org\/{rel}","templated":true}]}}