{"id":2114,"date":"2016-12-01T17:37:40","date_gmt":"2016-12-01T16:37:40","guid":{"rendered":"http:\/\/www.gymnasium-saarburg.de\/?page_id=2114"},"modified":"2018-09-17T07:34:34","modified_gmt":"2018-09-17T05:34:34","slug":"informatik","status":"publish","type":"page","link":"https:\/\/www.gymnasium-saarburg.de\/hp\/informatik\/","title":{"rendered":"Informatik"},"content":{"rendered":"<div class=\"wp-caption alignleft\"><img decoding=\"async\" src=\"https:\/\/www.gymnasium-saarburg.de\/wp-content\/uploads\/2016\/11\/Anschluesse.jpg\n\" alt=\"\" width=\"180\" \/><\/div>\n<p class=\"silbentrennung\">\n<strong>Unterrichtsangebote<\/strong>: Wir starten in der Orientierungsstufe f\u00fcr alle Sch\u00fclerinnen und Sch\u00fcler verpflichtend mit <strong>einer Wochenstunde informatischer Bildung<\/strong>. So wird der Umgang mit den Computern in der Schule und zu Hause fr\u00fchzeitig erlernt. Vermittelt werden dabei Grundkenntnisse zur Benutzung eines Betriebssystems (zur Zeit Windows 10) und Officeprogrammen, insbesondere der Textverarbeitung. Damit werden wichtige Kompetenzen aus dem <a href=\"http:\/\/medienkompass.bildung-rp.de\/medienkompass-gs-os.html\" target=\"_blank\">Medienkomp@ss f\u00fcr die Primar- und Orientierungsstufe<\/a> vermittelt.<br \/>\nSeit vielen Jahren schon wird das Fach <strong>Informatik <\/strong>dann als <strong>Wahlfach in Klasse 9 und 10 <\/strong>zwei- bzw. dreist\u00fcndig angeboten. Hier sollen\u00a0die Sch\u00fclerinnen und Sch\u00fcler mehr als nur den Umgang mit dem Computer erlernen. Sie erwerben so Grundkenntnisse zum Beispiel in der Gestaltung von Internetseiten, der Modellierung von Datenbanksystemen und erlernen die Grundz\u00fcge von Algorithmen und dem Programmieren. In der Oberstufe kann das Fach dann als Grundkurs erstmalig oder weiterf\u00fchrend belegt werden. Somit erh\u00f6ht sich u. a. die Auswahl f\u00fcr ein m\u00fcndliches Pr\u00fcfungsfach im Abitur. Bei ausreichend Interessenten kann auch ein Leistungskurs f\u00fcr diejenigen eingerichtet werden, die bereits in Klasse 9 und 10 am Informatikunterricht teilgenommen haben.<\/p>\n<p class=\"silbentrennung\"><strong>Lehrkr\u00e4fte<\/strong>: Vier Lehrerinnen und Lehrer unterrichten derzeit Informatik in ein bis zwei parallel gef\u00fchrten Kursen der Jahrgangsstufe neun bis dreizehn. Es stehen der Schule zwei Computerr\u00e4ume zur Verf\u00fcgung.<\/p>\n<div class=\"wp-caption alignright\"><img decoding=\"async\" src=\"https:\/\/www.gymnasium-saarburg.de\/wp-content\/uploads\/2016\/11\/CSS.png\" alt=\"\" width=\"250\" \/><\/div>\n<p class=\"silbentrennung\">\n<strong>Inhalte und Kompetenzen:<\/strong> Auch wenn das Fach Informatik in den meisten Bundesl\u00e4ndern noch nicht zu den Pflichtf\u00e4chern z\u00e4hlt, so ist es doch im Zeitalter der digitalen Informationsgesellschaft ein zukunftstr\u00e4chtiges Fach mit inhaltlichen Schwerpunkten, die der allgemeinen Berufs- und Studienvorbereitung dienen. Die Sch\u00fclerinnen und Sch\u00fcler lernen die Methoden und Prinzipien der Informatik kennen und erwerben ein tiefgreifendes Verst\u00e4ndnis f\u00fcr die Arbeitsweise von Informatiksystemen, die heute aus Wirtschaft und Gesellschaft nicht mehr wegzudenken\u00a0sind. Wir m\u00f6chten mit dem Fach Informatik unseren Sch\u00fclerinnen und Sch\u00fclern einen Zugang zur Informatik erm\u00f6glichen.<\/p>\n<p class=\"silbentrennung\"><strong>Wettbewerbe<\/strong>: Allj\u00e4hrlich k\u00f6nnen alle Sch\u00fclerinnen und Sch\u00fcler ab der Jahrgangsstufe 5 am <a href=\"http:\/\/www.informatik-biber.de\/\">Informatik-Biber Wettbewerb <\/a>teilnehmen. Alleine oder im Team werden hier erste Erfahrungen mit typischen informatischen Problemen auf spielerische Weise gesammelt. F\u00fcr die Informatikbegeisterten unterst\u00fctzten wir die Teilnahme am <a href=\"http:\/\/www.bundeswettbewerb-informatik.de\/\"> Bundeswettbewerb f\u00fcr Informatik <\/a>und am <a href=\"http:\/\/infocamp.uni-trier.de\/\">Informatik Camp in Trier<\/a>.<\/p>\n<h3>Beitr\u00e4ge<\/h3>\n<ul class=\"lcp_catlist\" id=\"lcp_instance_0\"><li><a href=\"https:\/\/www.gymnasium-saarburg.de\/hp\/2025\/05\/26\/deutschlandfinale-knapp-verpasst-zweiter-platz-beim-regionalwettbewerb-der-wro\/\">Deutschlandfinale knapp verpasst \u2013 zweiter Platz beim Regionalwettbewerb der WRO<\/a><div class=\"lcp_excerpt\">\nBeim Regionalwettbewerb der World Robot Olympics (WRO) am 10.05.2025 in Trier trat unsere Schule gleich mit zwei Teams, den \u201eSaarbotics\u201c und den \u201eGymSAB Robo Guards\u201c, in der Altersklasse \u201eSenior\u201c an. Am Ende war es f\u00fcr die Saarbotics ziemlich knapp: Mit insgesamt 102 Punkten aus den beiden Saison- und Tagesaufgaben fehlten schlie\u00dflich nur neun Punkte zum ...<\/div><\/li><li><a href=\"https:\/\/www.gymnasium-saarburg.de\/hp\/2022\/02\/17\/606-teilnehmerinnen-und-teilnehmer-beim-informatik-biber\/\">606 Teilnehmerinnen und Teilnehmer beim Informatik-Biber<\/a><div class=\"lcp_excerpt\">\nDer Informatik-Biber ist Deutschlands gr\u00f6\u00dfter Informatik-Sch\u00fclerwettbewerb, der bei uns im Mathematik-, Informatik- und IB-Unterricht oder auch in Eigenregie von zuhause durchgef\u00fchrt wird. Je nach Altersgruppe m\u00fcssen neun, zw\u00f6lf oder 15 Aufgaben gel\u00f6st werden, die realit\u00e4tsbezogenen Problemen und Szenarien \u00e4hneln. Die Aufgaben k\u00f6nnen einzeln oder als Zweierteam bearbeitet werden. Das Ziel des Informatik-Bibers ist es, spielerisch ...<\/div><\/li><li><a href=\"https:\/\/www.gymnasium-saarburg.de\/hp\/2022\/02\/14\/ergebnisse-der-first-lego-league-2021-2022\/\">Ergebnisse der First-Lego-League 2021\/2022<\/a><div class=\"lcp_excerpt\">\nUnsere AG Robotik konnte mit ihrem Team \u201eSaarbotics\u201c in gleich zwei von vier Wertungen des FLL-Wettbewerbs in Vallendar den dritten Platz belegen.\nDer Forschungsauftrag zum diesj\u00e4hrigen Thema besch\u00e4ftigte sich mit dem Transportwesen der Zukunft. \u201eRailway Solutions\u201c nahm die st\u00e4rkere Einbindung von G\u00fctertransporten auf der Schiene in den Blick. Insbesondere die aufwendige Pr\u00e4sentation wurde von der Jury ...<\/div><\/li><li><a href=\"https:\/\/www.gymnasium-saarburg.de\/hp\/2018\/12\/03\/gymsab-robo-guards-beim-wro-weltfinale-in-thailand\/\">GymSAB Robo Guards beim WRO-Weltfinale in Thailand<\/a><div class=\"lcp_excerpt\">Ein freundliches \u201eSawasdee\u201c aus Thailand! \nDienstag, 13. November 2018 &#8211; Anreise und erster Kontakt \n \nAm 13. November stiegen wir um 20:55 Uhr in Frankfurt in den Flieger nach Bangkok, wo wir nach zehn Stunden Flug sicher landeten. Danach ging es sofort weiter nach Chiang Mai. Vom dortigen internationalen Flughafen wurden wir dann per Transfer ...<\/div><\/li><li><a href=\"https:\/\/www.gymnasium-saarburg.de\/hp\/2017\/12\/12\/ergebnisse-des-informatik-bibers-2017\/\">Ergebnisse des Informatik-Bibers 2017<\/a><div class=\"lcp_excerpt\">\nAuch in diesem Jahr nahm erneut mehr als ein Drittel der Sch\u00fclerschaft unserer Schule am Informatik-Biber-Wettbewerb teil. Sieben von insgesamt 421 Sch\u00fclerinnen und Sch\u00fclern, die viel Spa\u00df beim dabei hatten, die gut gestellten R\u00e4tselaufgaben zu l\u00f6sen, konnten einen ersten Preis erzielen, 23 erzielten einen hervorragenden 2. Preis. Diese insgesamt 30 Sch\u00fclerinnen und Sch\u00fcler erwarten kleine ...<\/div><\/li><li><a href=\"https:\/\/www.gymnasium-saarburg.de\/hp\/2017\/04\/05\/mint-ec-zertifikat-an-unserer-schule\/\">MINT-EC-Zertifikat an unserer Schule<\/a><div class=\"lcp_excerpt\">\nUnser Gymnasium ist nun auch eine der \u00fcber 225 Schulen, die das MINT-EC Zertifikat vergeben d\u00fcrfen. Es wird mit dem Abiturzeugnis als Auszeichnung an Sch\u00fclerinnen und Sch\u00fcler verliehen, die sich w\u00e4hrend ihrer gesamten Schullaufbahn im Unterricht und dar\u00fcber hinaus im MINT-Bereich engagiert haben.\nDas Zertifikat kann nun nach Beantragung von der Schulleitung ausgestellt werden. Es ist ...<\/div><\/li><li><a href=\"https:\/\/www.gymnasium-saarburg.de\/hp\/2016\/12\/08\/wro-finale-in-indien\/\">GymSAB Robo Guards in Indien<\/a><div class=\"lcp_excerpt\">\n\nNach der Qualifikation im Juni reiste ein Team der Robotik AG, bestehend aus Tim Darimont, Florian Gr\u00fcn und Tobias Spanier (alle MSS13), unter der Leitung von Herrn Schreiner zum zweiten Mal um die halbe Welt zur Teilnahme am Finale der WRO (World Robotics Olympiad). Um sich im internationalen Vergleich mit anderen Teams zu messen, ging ...<\/div><\/li><li><a href=\"https:\/\/www.gymnasium-saarburg.de\/hp\/2016\/12\/07\/ag-robotik-beim-first-lego-league-roboterwettbewerb\/\">AG Robotik beim First Lego League Roboterwettbewerb<\/a><div class=\"lcp_excerpt\">\n\nAm 23.11.2016 fand der First Lego League Roboterwettbewerb in Rockenhausen statt. Mit am Start waren auch zehn Sch\u00fclerinnen und Sch\u00fcler der Klassenstufen 6 bis 9, die sich in der AG Robotik auf den Wettbewerb vorbereitet hatten, indem sie seit den Sommerferien jeden Freitagnachmittag selbst\u00e4ndig einen eigenen Roboter gebaut hatten, der vorgegebene Aufgaben auf einem Spielfeld ...<\/div><\/li><li><a href=\"https:\/\/www.gymnasium-saarburg.de\/hp\/2016\/11\/29\/informatik-biber-2016\/\">Ergebnisse des Informatik-Bibers 2016<\/a><div class=\"lcp_excerpt\">\nK\u00fcrzlich erst fand nun das zehnte Mal der allj\u00e4hrliche Wettbewerb Informatik-Biber statt, an dem sich auch unsere Schule wieder beteiligte. Bundesweit gr\u00fcbelten 290.000 Sch\u00fclerinnen und Sch\u00fcler mit. Am Gymnasium Saarburg konnten wir dieses Jahr die Teilnehmerzahl noch einmal steigern: Von den insgesamt 508 Sch\u00fclerinnen und Sch\u00fclern, die die vorgegebenen Aufgaben bearbeiteten, wurde neunmal der erste ...<\/div><\/li><li><a href=\"https:\/\/www.gymnasium-saarburg.de\/hp\/2016\/06\/23\/gymsab-robo-guards-qualifizieren-sich-fuer-das-weltfinale-in-neu-delhi\/\">GymSAB Robo Guards qualifizieren sich f\u00fcr das Weltfinale<\/a><div class=\"lcp_excerpt\">\n\nMit einem hervorragenden 3.Platz in der Football Category der World Robot Olympiad (WRO) qualifizierte sich vergangenen Freitag unser Schulteam nach dem \u00fcberraschenden Erfolg im vergangenen Jahr erneut f\u00fcr das WRO-Weltfinale.\n\nNach einem 1. Platz beim Regionalwettbewerb in Ha\u00dfloch mussten die \u201eGymSAB Robo Guards\u201c beim Deutschlandfinale in Ludwigshafen gegen sieben andere Teams aus ganz Deutschland antreten. Gespielt ...<\/div><\/li><\/ul>\n","protected":false},"excerpt":{"rendered":"<p>Unterrichtsangebote: Wir starten in der Orientierungsstufe f\u00fcr alle Sch\u00fclerinnen und Sch\u00fcler verpflichtend mit einer Wochenstunde informatischer Bildung. So wird der Umgang mit den Computern in der Schule und zu Hause fr\u00fchzeitig erlernt. Vermittelt werden dabei Grundkenntnisse zur Benutzung eines Betriebssystems (zur Zeit Windows 10) und Officeprogrammen, insbesondere der Textverarbeitung. Damit werden wichtige Kompetenzen aus dem Medienkomp@ss f\u00fcr die Primar- und [&#8230;]<\/p>\n","protected":false},"author":7,"featured_media":0,"parent":0,"menu_order":0,"comment_status":"closed","ping_status":"closed","template":"","meta":{"footnotes":""},"coauthors":[247],"class_list":["post-2114","page","type-page","status-publish","hentry"],"yoast_head":"<!-- This site is optimized with the Yoast SEO plugin v27.3 - https:\/\/yoast.com\/product\/yoast-seo-wordpress\/ -->\n<title>Informatik - Gymnasium Saarburg<\/title>\n<meta name=\"robots\" content=\"index, follow, max-snippet:-1, max-image-preview:large, max-video-preview:-1\" \/>\n<link rel=\"canonical\" href=\"https:\/\/www.gymnasium-saarburg.de\/hp\/informatik\/\" \/>\n<meta property=\"og:locale\" content=\"de_DE\" \/>\n<meta property=\"og:type\" content=\"article\" \/>\n<meta property=\"og:title\" content=\"Informatik - Gymnasium Saarburg\" \/>\n<meta property=\"og:description\" content=\"Unterrichtsangebote: Wir starten in der Orientierungsstufe f\u00fcr alle Sch\u00fclerinnen und Sch\u00fcler verpflichtend mit einer Wochenstunde informatischer Bildung. So wird der Umgang mit den Computern in der Schule und zu Hause fr\u00fchzeitig erlernt. Vermittelt werden dabei Grundkenntnisse zur Benutzung eines Betriebssystems (zur Zeit Windows 10) und Officeprogrammen, insbesondere der Textverarbeitung. Damit werden wichtige Kompetenzen aus dem Medienkomp@ss f\u00fcr die Primar- und [...]\" \/>\n<meta property=\"og:url\" content=\"https:\/\/www.gymnasium-saarburg.de\/hp\/informatik\/\" \/>\n<meta property=\"og:site_name\" content=\"Gymnasium Saarburg\" \/>\n<meta property=\"article:modified_time\" content=\"2018-09-17T05:34:34+00:00\" \/>\n<meta property=\"og:image\" content=\"http:\/\/www.gymnasium-saarburg.de\/wp-content\/uploads\/2016\/11\/CSS.png\" \/>\n<meta name=\"twitter:card\" content=\"summary_large_image\" \/>\n<meta name=\"twitter:label1\" content=\"Gesch\u00e4tzte Lesezeit\" \/>\n\t<meta name=\"twitter:data1\" content=\"2\u00a0Minuten\" \/>\n\t<meta name=\"twitter:label2\" content=\"Written by\" \/>\n\t<meta name=\"twitter:data2\" content=\"Daniel Gro\u00df\" \/>\n<script type=\"application\/ld+json\" class=\"yoast-schema-graph\">{\"@context\":\"https:\\\/\\\/schema.org\",\"@graph\":[{\"@type\":\"WebPage\",\"@id\":\"https:\\\/\\\/www.gymnasium-saarburg.de\\\/hp\\\/informatik\\\/\",\"url\":\"https:\\\/\\\/www.gymnasium-saarburg.de\\\/hp\\\/informatik\\\/\",\"name\":\"Informatik - Gymnasium Saarburg\",\"isPartOf\":{\"@id\":\"https:\\\/\\\/www.gymnasium-saarburg.de\\\/hp\\\/#website\"},\"primaryImageOfPage\":{\"@id\":\"https:\\\/\\\/www.gymnasium-saarburg.de\\\/hp\\\/informatik\\\/#primaryimage\"},\"image\":{\"@id\":\"https:\\\/\\\/www.gymnasium-saarburg.de\\\/hp\\\/informatik\\\/#primaryimage\"},\"thumbnailUrl\":\"http:\\\/\\\/www.gymnasium-saarburg.de\\\/wp-content\\\/uploads\\\/2016\\\/11\\\/CSS.png\",\"datePublished\":\"2016-12-01T16:37:40+00:00\",\"dateModified\":\"2018-09-17T05:34:34+00:00\",\"breadcrumb\":{\"@id\":\"https:\\\/\\\/www.gymnasium-saarburg.de\\\/hp\\\/informatik\\\/#breadcrumb\"},\"inLanguage\":\"de\",\"potentialAction\":[{\"@type\":\"ReadAction\",\"target\":[\"https:\\\/\\\/www.gymnasium-saarburg.de\\\/hp\\\/informatik\\\/\"]}]},{\"@type\":\"ImageObject\",\"inLanguage\":\"de\",\"@id\":\"https:\\\/\\\/www.gymnasium-saarburg.de\\\/hp\\\/informatik\\\/#primaryimage\",\"url\":\"http:\\\/\\\/www.gymnasium-saarburg.de\\\/wp-content\\\/uploads\\\/2016\\\/11\\\/CSS.png\",\"contentUrl\":\"http:\\\/\\\/www.gymnasium-saarburg.de\\\/wp-content\\\/uploads\\\/2016\\\/11\\\/CSS.png\"},{\"@type\":\"BreadcrumbList\",\"@id\":\"https:\\\/\\\/www.gymnasium-saarburg.de\\\/hp\\\/informatik\\\/#breadcrumb\",\"itemListElement\":[{\"@type\":\"ListItem\",\"position\":1,\"name\":\"Startseite\",\"item\":\"https:\\\/\\\/www.gymnasium-saarburg.de\\\/hp\\\/\"},{\"@type\":\"ListItem\",\"position\":2,\"name\":\"Informatik\"}]},{\"@type\":\"WebSite\",\"@id\":\"https:\\\/\\\/www.gymnasium-saarburg.de\\\/hp\\\/#website\",\"url\":\"https:\\\/\\\/www.gymnasium-saarburg.de\\\/hp\\\/\",\"name\":\"Gymnasium Saarburg\",\"description\":\"\",\"potentialAction\":[{\"@type\":\"SearchAction\",\"target\":{\"@type\":\"EntryPoint\",\"urlTemplate\":\"https:\\\/\\\/www.gymnasium-saarburg.de\\\/hp\\\/?s={search_term_string}\"},\"query-input\":{\"@type\":\"PropertyValueSpecification\",\"valueRequired\":true,\"valueName\":\"search_term_string\"}}],\"inLanguage\":\"de\"}]}<\/script>\n<!-- \/ Yoast SEO plugin. -->","yoast_head_json":{"title":"Informatik - Gymnasium Saarburg","robots":{"index":"index","follow":"follow","max-snippet":"max-snippet:-1","max-image-preview":"max-image-preview:large","max-video-preview":"max-video-preview:-1"},"canonical":"https:\/\/www.gymnasium-saarburg.de\/hp\/informatik\/","og_locale":"de_DE","og_type":"article","og_title":"Informatik - Gymnasium Saarburg","og_description":"Unterrichtsangebote: Wir starten in der Orientierungsstufe f\u00fcr alle Sch\u00fclerinnen und Sch\u00fcler verpflichtend mit einer Wochenstunde informatischer Bildung. So wird der Umgang mit den Computern in der Schule und zu Hause fr\u00fchzeitig erlernt. Vermittelt werden dabei Grundkenntnisse zur Benutzung eines Betriebssystems (zur Zeit Windows 10) und Officeprogrammen, insbesondere der Textverarbeitung. Damit werden wichtige Kompetenzen aus dem Medienkomp@ss f\u00fcr die Primar- und [...]","og_url":"https:\/\/www.gymnasium-saarburg.de\/hp\/informatik\/","og_site_name":"Gymnasium Saarburg","article_modified_time":"2018-09-17T05:34:34+00:00","og_image":[{"url":"http:\/\/www.gymnasium-saarburg.de\/wp-content\/uploads\/2016\/11\/CSS.png","type":"","width":"","height":""}],"twitter_card":"summary_large_image","twitter_misc":{"Gesch\u00e4tzte Lesezeit":"2\u00a0Minuten","Written by":"Daniel Gro\u00df"},"schema":{"@context":"https:\/\/schema.org","@graph":[{"@type":"WebPage","@id":"https:\/\/www.gymnasium-saarburg.de\/hp\/informatik\/","url":"https:\/\/www.gymnasium-saarburg.de\/hp\/informatik\/","name":"Informatik - Gymnasium Saarburg","isPartOf":{"@id":"https:\/\/www.gymnasium-saarburg.de\/hp\/#website"},"primaryImageOfPage":{"@id":"https:\/\/www.gymnasium-saarburg.de\/hp\/informatik\/#primaryimage"},"image":{"@id":"https:\/\/www.gymnasium-saarburg.de\/hp\/informatik\/#primaryimage"},"thumbnailUrl":"http:\/\/www.gymnasium-saarburg.de\/wp-content\/uploads\/2016\/11\/CSS.png","datePublished":"2016-12-01T16:37:40+00:00","dateModified":"2018-09-17T05:34:34+00:00","breadcrumb":{"@id":"https:\/\/www.gymnasium-saarburg.de\/hp\/informatik\/#breadcrumb"},"inLanguage":"de","potentialAction":[{"@type":"ReadAction","target":["https:\/\/www.gymnasium-saarburg.de\/hp\/informatik\/"]}]},{"@type":"ImageObject","inLanguage":"de","@id":"https:\/\/www.gymnasium-saarburg.de\/hp\/informatik\/#primaryimage","url":"http:\/\/www.gymnasium-saarburg.de\/wp-content\/uploads\/2016\/11\/CSS.png","contentUrl":"http:\/\/www.gymnasium-saarburg.de\/wp-content\/uploads\/2016\/11\/CSS.png"},{"@type":"BreadcrumbList","@id":"https:\/\/www.gymnasium-saarburg.de\/hp\/informatik\/#breadcrumb","itemListElement":[{"@type":"ListItem","position":1,"name":"Startseite","item":"https:\/\/www.gymnasium-saarburg.de\/hp\/"},{"@type":"ListItem","position":2,"name":"Informatik"}]},{"@type":"WebSite","@id":"https:\/\/www.gymnasium-saarburg.de\/hp\/#website","url":"https:\/\/www.gymnasium-saarburg.de\/hp\/","name":"Gymnasium Saarburg","description":"","potentialAction":[{"@type":"SearchAction","target":{"@type":"EntryPoint","urlTemplate":"https:\/\/www.gymnasium-saarburg.de\/hp\/?s={search_term_string}"},"query-input":{"@type":"PropertyValueSpecification","valueRequired":true,"valueName":"search_term_string"}}],"inLanguage":"de"}]}},"_links":{"self":[{"href":"https:\/\/www.gymnasium-saarburg.de\/hp\/wp-json\/wp\/v2\/pages\/2114","targetHints":{"allow":["GET"]}}],"collection":[{"href":"https:\/\/www.gymnasium-saarburg.de\/hp\/wp-json\/wp\/v2\/pages"}],"about":[{"href":"https:\/\/www.gymnasium-saarburg.de\/hp\/wp-json\/wp\/v2\/types\/page"}],"author":[{"embeddable":true,"href":"https:\/\/www.gymnasium-saarburg.de\/hp\/wp-json\/wp\/v2\/users\/7"}],"replies":[{"embeddable":true,"href":"https:\/\/www.gymnasium-saarburg.de\/hp\/wp-json\/wp\/v2\/comments?post=2114"}],"version-history":[{"count":15,"href":"https:\/\/www.gymnasium-saarburg.de\/hp\/wp-json\/wp\/v2\/pages\/2114\/revisions"}],"predecessor-version":[{"id":4241,"href":"https:\/\/www.gymnasium-saarburg.de\/hp\/wp-json\/wp\/v2\/pages\/2114\/revisions\/4241"}],"wp:attachment":[{"href":"https:\/\/www.gymnasium-saarburg.de\/hp\/wp-json\/wp\/v2\/media?parent=2114"}],"wp:term":[{"taxonomy":"author","embeddable":true,"href":"https:\/\/www.gymnasium-saarburg.de\/hp\/wp-json\/wp\/v2\/coauthors?post=2114"}],"curies":[{"name":"wp","href":"https:\/\/api.w.org\/{rel}","templated":true}]}}